{"id":33,"date":"2019-05-21T16:20:26","date_gmt":"2019-05-21T16:20:26","guid":{"rendered":"https:\/\/www.athenadesignstudio.com\/themes\/angora-wp\/?page_id=33"},"modified":"2021-08-18T01:59:33","modified_gmt":"2021-08-17T23:59:33","slug":"liens","status":"publish","type":"page","link":"https:\/\/glob.fr\/index.php\/liens\/","title":{"rendered":"Liens"},"content":{"rendered":"<p>[vc_row][vc_column]<div class=\"row\">\r\n\t\t\t\t\t\t\t<div class=\"col-md-12\">\r\n\t\t\t\t\t\t\t\t<div class=\"owl-carousel owl-theme clients-slider\"><div  class=\"client\"><a href=\"http:\/\/www.echecs.asso.fr\/\"><img src=\"https:\/\/glob.fr\/wp-content\/uploads\/2019\/05\/Logo_FFE_1.jpg\" alt=\"F\u00e9d\u00e9ration Fran\u00e7aise des \u00c9checs\"><\/a><\/div><div  class=\"client\"><a href=\"https:\/\/www.clamart.fr\/fr\"><img src=\"https:\/\/glob.fr\/wp-content\/uploads\/2019\/05\/51334921_2231610520436861_611572238797242368_n.jpg\" alt=\"La ville de Clamart\"><\/a><\/div><div  class=\"client\"><a href=\"http:\/\/www.idf-echecs.com\/\"><img src=\"https:\/\/glob.fr\/wp-content\/uploads\/2019\/05\/t\u00e9l\u00e9chargement.png\" alt=\"Ligue Idf des echecs\"><\/a><\/div><div  class=\"client\"><a href=\"https:\/\/www.echecs92.fr\/\"><img src=\"https:\/\/glob.fr\/wp-content\/uploads\/2019\/05\/1496918862.jpg\" alt=\"Comit\u00e9 des \u00e9checs des Hauts-de-Seine\"><\/a><\/div>\t\t<\/div>\r\n\t\t\t\t\t\t\t<\/div>\r\n\t\t\t\t\t\t<\/div>[\/vc_column][\/vc_row]<\/p>\n","protected":false},"excerpt":{"rendered":"<p>[vc_row][vc_column][\/vc_column][\/vc_row]<\/p>\n","protected":false},"author":1,"featured_media":0,"parent":0,"menu_order":0,"comment_status":"closed","ping_status":"closed","template":"","meta":[],"_links":{"self":[{"href":"https:\/\/glob.fr\/index.php\/wp-json\/wp\/v2\/pages\/33"}],"collection":[{"href":"https:\/\/glob.fr\/index.php\/wp-json\/wp\/v2\/pages"}],"about":[{"href":"https:\/\/glob.fr\/index.php\/wp-json\/wp\/v2\/types\/page"}],"author":[{"embeddable":true,"href":"https:\/\/glob.fr\/index.php\/wp-json\/wp\/v2\/users\/1"}],"replies":[{"embeddable":true,"href":"https:\/\/glob.fr\/index.php\/wp-json\/wp\/v2\/comments?post=33"}],"version-history":[{"count":3,"href":"https:\/\/glob.fr\/index.php\/wp-json\/wp\/v2\/pages\/33\/revisions"}],"predecessor-version":[{"id":259,"href":"https:\/\/glob.fr\/index.php\/wp-json\/wp\/v2\/pages\/33\/revisions\/259"}],"wp:attachment":[{"href":"https:\/\/glob.fr\/index.php\/wp-json\/wp\/v2\/media?parent=33"}],"curies":[{"name":"wp","href":"https:\/\/api.w.org\/{rel}","templated":true}]}}