{"id":53,"date":"2019-05-21T16:25:37","date_gmt":"2019-05-21T16:25:37","guid":{"rendered":"https:\/\/www.athenadesignstudio.com\/themes\/angora-wp\/?page_id=53"},"modified":"2021-08-18T10:52:42","modified_gmt":"2021-08-18T08:52:42","slug":"equipes","status":"publish","type":"page","link":"https:\/\/glob.fr\/index.php\/equipes\/","title":{"rendered":"Qui somme nous ?"},"content":{"rendered":"<p>[vc_row][vc_column]<div class=\"row\"><div class=\"col-md-8 col-md-offset-2 col-xs-12\"><div class=\"section-title  text-center\"><h2 data-bigletter=\"C\">Ceux qui font fonctionner le club<\/h2><hr><p>Le Club d\u2019\u00e9checs du Cavalier Rouge est dirig\u00e9 par un Comit\u00e9 Directeur \u00e9ligible en Assembl\u00e9e g\u00e9n\u00e9rale, il est compos\u00e9 d\u2019un maximum de 9 personnes. Le bureau (pr\u00e9sident(e), vice-pr\u00e9sident(e), tr\u00e9sorier(e) et secr\u00e9taire) est ensuite \u00e9lu en son sein..<\/p><\/div><\/div><\/div>[\/vc_column][\/vc_row][vc_row][vc_column]<div class=\"row\"><div class=\"col-md-3\">\r\n\t\t\t\t\t\t\t\t<div class=\"team-member res-margin\">\r\n\t\t\t\t\t\t\t\t\t<div class=\"team-image\">\r\n\t\t\t\t\t\t\t\t\t\t<p><img src=\"https:\/\/glob.fr\/wp-content\/uploads\/2019\/11\/IMG_20161117_181655-1.jpg\" alt=\"Luc Riou\" \/><\/p>\r\n\t\t\t\t\t\t\t\t\t\t\r\n\t\t\t\t\t\t\t\t\t<\/div>\r\n\t\t\t\t\t\t\t\t\t<div class=\"team-details\">\r\n\t\t\t\t\t\t\t\t\t\t<h5 class=\"title\">Luc Riou<\/h5>\r\n\t\t\t\t\t\t\t\t\t\t<span class=\"position\">Le pr\u00e9sident<\/span>\r\n\t\t\t\t\t\t\t\t\t<\/div>\r\n\t\t\t\t\t\t\t\t<\/div>\r\n\t\t\t\t\t\t\t<\/div><div class=\"col-md-3\">\r\n\t\t\t\t\t\t\t\t<div class=\"team-member res-margin\">\r\n\t\t\t\t\t\t\t\t\t<div class=\"team-image\">\r\n\t\t\t\t\t\t\t\t\t\t<p><img src=\"https:\/\/glob.fr\/wp-content\/uploads\/2019\/05\/BEDROSSIAN_GREGOIRE_274_365.jpg\" alt=\"Gr\u00e9goire Bedrossian\" \/><\/p>\r\n\t\t\t\t\t\t\t\t\t\t<div class=\"team-social\"><div class=\"team-social-inner\"><a href=\"#\" title=\"Twitter\" target=\"_blank\"><i class=\"fab fa-twitter\"><\/i><\/a><a href=\"#\" title=\"Facebook\" target=\"_blank\"><i class=\"fab fa-facebook-f\"><\/i><\/a><a href=\"#\" title=\"LinkedIn\" target=\"_blank\"><i class=\"fab fa-linkedin-in\"><\/i><\/a><a href=\"#\" title=\"Dribbble\" target=\"_blank\"><i class=\"fab fa-dribbble\"><\/i><\/a><\/div><\/div>\r\n\t\t\t\t\t\t\t\t\t<\/div>\r\n\t\t\t\t\t\t\t\t\t<div class=\"team-details\">\r\n\t\t\t\t\t\t\t\t\t\t<h5 class=\"title\">Gr\u00e9goire Bedrossian<\/h5>\r\n\t\t\t\t\t\t\t\t\t\t<span class=\"position\">Le Tr\u00e9sorier<\/span>\r\n\t\t\t\t\t\t\t\t\t<\/div>\r\n\t\t\t\t\t\t\t\t<\/div>\r\n\t\t\t\t\t\t\t<\/div><div class=\"col-md-3\">\r\n\t\t\t\t\t\t\t\t<div class=\"team-member res-margin\">\r\n\t\t\t\t\t\t\t\t\t<div class=\"team-image\">\r\n\t\t\t\t\t\t\t\t\t\t<p><img src=\"https:\/\/glob.fr\/wp-content\/uploads\/2019\/11\/pxfuel.com-1.jpg\" alt=\"Laurence Toy-Riont\" \/><\/p>\r\n\t\t\t\t\t\t\t\t\t\t\r\n\t\t\t\t\t\t\t\t\t<\/div>\r\n\t\t\t\t\t\t\t\t\t<div class=\"team-details\">\r\n\t\t\t\t\t\t\t\t\t\t<h5 class=\"title\">Laurence Toy-Riont<\/h5>\r\n\t\t\t\t\t\t\t\t\t\t<span class=\"position\">La vice pr\u00e9sidente<\/span>\r\n\t\t\t\t\t\t\t\t\t<\/div>\r\n\t\t\t\t\t\t\t\t<\/div>\r\n\t\t\t\t\t\t\t<\/div><div class=\"col-md-3\">\r\n\t\t\t\t\t\t\t\t<div class=\"team-member res-margin\">\r\n\t\t\t\t\t\t\t\t\t<div class=\"team-image\">\r\n\t\t\t\t\t\t\t\t\t\t<p><img src=\"https:\/\/glob.fr\/wp-content\/uploads\/2019\/11\/pxfuel.com_.jpg\" alt=\"Jean-Luc Pasquier\" \/><\/p>\r\n\t\t\t\t\t\t\t\t\t\t\r\n\t\t\t\t\t\t\t\t\t<\/div>\r\n\t\t\t\t\t\t\t\t\t<div class=\"team-details\">\r\n\t\t\t\t\t\t\t\t\t\t<h5 class=\"title\">Jean-Luc Pasquier<\/h5>\r\n\t\t\t\t\t\t\t\t\t\t<span class=\"position\">Le tr\u00e9sorier<\/span>\r\n\t\t\t\t\t\t\t\t\t<\/div>\r\n\t\t\t\t\t\t\t\t<\/div>\r\n\t\t\t\t\t\t\t<\/div><\/div>[\/vc_column][\/vc_row]<\/p>\n","protected":false},"excerpt":{"rendered":"<p>[vc_row][vc_column][\/vc_column][\/vc_row][vc_row][vc_column][\/vc_column][\/vc_row]<\/p>\n","protected":false},"author":1,"featured_media":0,"parent":0,"menu_order":0,"comment_status":"closed","ping_status":"closed","template":"","meta":[],"_links":{"self":[{"href":"https:\/\/glob.fr\/index.php\/wp-json\/wp\/v2\/pages\/53"}],"collection":[{"href":"https:\/\/glob.fr\/index.php\/wp-json\/wp\/v2\/pages"}],"about":[{"href":"https:\/\/glob.fr\/index.php\/wp-json\/wp\/v2\/types\/page"}],"author":[{"embeddable":true,"href":"https:\/\/glob.fr\/index.php\/wp-json\/wp\/v2\/users\/1"}],"replies":[{"embeddable":true,"href":"https:\/\/glob.fr\/index.php\/wp-json\/wp\/v2\/comments?post=53"}],"version-history":[{"count":8,"href":"https:\/\/glob.fr\/index.php\/wp-json\/wp\/v2\/pages\/53\/revisions"}],"predecessor-version":[{"id":269,"href":"https:\/\/glob.fr\/index.php\/wp-json\/wp\/v2\/pages\/53\/revisions\/269"}],"wp:attachment":[{"href":"https:\/\/glob.fr\/index.php\/wp-json\/wp\/v2\/media?parent=53"}],"curies":[{"name":"wp","href":"https:\/\/api.w.org\/{rel}","templated":true}]}}