{"id":55,"date":"2019-05-21T16:26:04","date_gmt":"2019-05-21T16:26:04","guid":{"rendered":"https:\/\/www.athenadesignstudio.com\/themes\/angora-wp\/?page_id=55"},"modified":"2021-08-18T10:50:33","modified_gmt":"2021-08-18T08:50:33","slug":"bureau","status":"publish","type":"page","link":"https:\/\/glob.fr\/index.php\/bureau\/","title":{"rendered":"Qui somme nous 2?"},"content":{"rendered":"<p>[vc_row][vc_column]<div class=\"row\"><div class=\"col-md-8 col-md-offset-2 col-xs-12\"><div class=\"section-title  text-center\"><h2 data-bigletter=\"L\">L\u2019\u00e9quipe dirigeante du club<\/h2><hr><p>Le Club d&#8217;\u00e9checs du Cavalier Rouge est dirig\u00e9 par un Comit\u00e9 Directeur \u00e9ligible en Assembl\u00e9e g\u00e9n\u00e9rale, il est compos\u00e9 d\u2019un maximum de 9 personnes. Le bureau (pr\u00e9sident(e), vice-pr\u00e9sident(e), tr\u00e9sorier(e) et secr\u00e9taire) est ensuite \u00e9lu en son sein..<\/p><\/div><\/div><\/div>[\/vc_column][\/vc_row][vc_row][vc_column]<div class=\"row\">\r\n\t\t\t\t\t\t\t<div class=\"col-md-12 testimonial-carousel\"><div class=\"block-media row\">\r\n\t\t\t\t\t\t\t<div class=\"carousel-images testimonial-nav col-sm-8 col-sm-offset-2\"><div><p><img src=\"https:\/\/glob.fr\/wp-content\/uploads\/2019\/11\/IMG_20161117_181655-e1629240098652.jpg\" alt=\"Luc Riou\" class=\"img-responsive img-circle\"><\/p><div class=\"client-info\"><h3>Luc Riou<\/h3><span>Le Pr\u00e9sident<\/span><\/div><\/div><div><p><img src=\"https:\/\/glob.fr\/wp-content\/uploads\/2019\/11\/pxfuel.com_.jpg\" alt=\"Gr\u00e9goire Bedrossian\" class=\"img-responsive img-circle\"><\/p><div class=\"client-info\"><h3>Gr\u00e9goire Bedrossian<\/h3><span>Le Tr\u00e9sorier<\/span><\/div><\/div><div><p><img src=\"https:\/\/glob.fr\/wp-content\/uploads\/2019\/11\/pxfuel.com-1.jpg\" alt=\"Laurence Toy-Riont\" class=\"img-responsive img-circle\"><\/p><div class=\"client-info\"><h3>Laurence Toy-Riont<\/h3><span>La vice-pr\u00e9sidente<\/span><\/div><\/div><div><p><img src=\"https:\/\/glob.fr\/wp-content\/uploads\/2019\/11\/pxfuel.com-2.jpg\" alt=\"Jean-Luc Pasquier\" class=\"img-responsive img-circle\"><\/p><div class=\"client-info\"><h3>Jean-Luc Pasquier<\/h3><span>Le secr\u00e9taire<\/span><\/div><\/div><\/div><\/div><div class=\"block-text row\">\r\n\t\t\t\t\t\t<div class=\"carousel-text testimonial-slider col-sm-12\">\t<div>\r\n\t\t\t\t\t\t\t\t<div class=\"single-box\"><p><i class=\"fas fa-quote-left\"><\/i> On peut tirer plus d&#039;utilit\u00e9 d&#039;une partie perdue que de 100 parties gagn\u00e9es <i class=\"fas fa-quote-right\"><\/i><\/p><\/div>\r\n\t\t\t\t\t\t\t<\/div>\t<div>\r\n\t\t\t\t\t\t\t\t<div class=\"single-box\"><p><i class=\"fas fa-quote-left\"><\/i> Celui qui prend des risques peut perdre, celui qui n&#039;en prend pas perd toujours <i class=\"fas fa-quote-right\"><\/i><\/p><\/div>\r\n\t\t\t\t\t\t\t<\/div>\t<div>\r\n\t\t\t\t\t\t\t\t<div class=\"single-box\"><p><i class=\"fas fa-quote-left\"><\/i> Les \u00e9checs ont trois composantes : le temps, l&#039;espace et le mat\u00e9riel en dernier <i class=\"fas fa-quote-right\"><\/i><\/p><\/div>\r\n\t\t\t\t\t\t\t<\/div>\t<div>\r\n\t\t\t\t\t\t\t\t<div class=\"single-box\"><p><i class=\"fas fa-quote-left\"><\/i> Aidez vos pi\u00e8ces, elles vous aideront <i class=\"fas fa-quote-right\"><\/i><\/p><\/div>\r\n\t\t\t\t\t\t\t<\/div><\/div><\/div><\/div><\/div>[\/vc_column][\/vc_row]<\/p>\n","protected":false},"excerpt":{"rendered":"<p>[vc_row][vc_column][\/vc_column][\/vc_row][vc_row][vc_column][\/vc_column][\/vc_row]<\/p>\n","protected":false},"author":1,"featured_media":0,"parent":0,"menu_order":0,"comment_status":"closed","ping_status":"closed","template":"","meta":[],"_links":{"self":[{"href":"https:\/\/glob.fr\/index.php\/wp-json\/wp\/v2\/pages\/55"}],"collection":[{"href":"https:\/\/glob.fr\/index.php\/wp-json\/wp\/v2\/pages"}],"about":[{"href":"https:\/\/glob.fr\/index.php\/wp-json\/wp\/v2\/types\/page"}],"author":[{"embeddable":true,"href":"https:\/\/glob.fr\/index.php\/wp-json\/wp\/v2\/users\/1"}],"replies":[{"embeddable":true,"href":"https:\/\/glob.fr\/index.php\/wp-json\/wp\/v2\/comments?post=55"}],"version-history":[{"count":4,"href":"https:\/\/glob.fr\/index.php\/wp-json\/wp\/v2\/pages\/55\/revisions"}],"predecessor-version":[{"id":268,"href":"https:\/\/glob.fr\/index.php\/wp-json\/wp\/v2\/pages\/55\/revisions\/268"}],"wp:attachment":[{"href":"https:\/\/glob.fr\/index.php\/wp-json\/wp\/v2\/media?parent=55"}],"curies":[{"name":"wp","href":"https:\/\/api.w.org\/{rel}","templated":true}]}}